{"id":527,"date":"2021-04-01T14:01:30","date_gmt":"2021-04-01T07:01:30","guid":{"rendered":"http:\/\/localhost\/Landmark\/?page_id=527"},"modified":"2021-08-10T01:02:56","modified_gmt":"2021-08-09T18:02:56","slug":"tin-tuc","status":"publish","type":"page","link":"https:\/\/dananglandmarktower.com\/en\/tin-tuc\/","title":{"rendered":"News & Events"},"content":{"rendered":"<img loading=\"lazy\" src=\"http:\/\/dananglandmarktower.com\/wp-content\/uploads\/2021\/04\/Banner_01.jpg\" alt=\"Banner_01\" itemprop=\"image\" height=\"600\" width=\"1920\" title=\"Banner_01\" onerror=\"this.style.display='none'\"  \/>\n<p>News & Events<\/p>\n\t\t\t\t<img loading=\"lazy\" src=\"http:\/\/dananglandmarktower.com\/wp-content\/uploads\/2021\/02\/LogoTran.png\" alt=\"LogoTran\" itemprop=\"image\" height=\"360\" width=\"230\" title=\"LogoTran\" onerror=\"this.style.display='none'\"  \/>\n<p>Contact Info<\/p>\nCOSMOS HOUSING JOINT STOCK COMPANY\n<strong>Head office:<\/strong> 111 Ha Bong, Phuoc My Ward, Son Tra District, Da Nang City<br \/>\n<strong>Email:<\/strong> <a href=\"maitlto:info@dananglandmarktower.com\">info@dananglandmarktower.com<\/a><br \/>\n<strong>Website:<\/strong> <a href=\"https:\/\/dananglandmarktower.com\/en\/\">dananglandmarktower.com<\/a>\n<h2>\n\t\tConnect\n\t<\/h2>\n\t\n\t<p>Contact us to visit sample house or for further advice:<\/p>","protected":false},"excerpt":{"rendered":"<p>Tin t\u1ee9c Th\u00f4ng tin li\u00ean h\u1ec7 C\u00d4NG TY C\u1ed4 PH\u1ea6N COSMOS HOUSING Tr\u1ee5 s\u1edf ch\u00ednh: 111 H\u00e0 B\u1ed5ng, Qu\u1eadn S\u01a1n Tr\u00e0, Th\u00e0nh ph\u1ed1 \u0110\u00e0 N\u1eb5ng. Email: info@dananglandmarktower.com Website: dananglandmarktower.com K\u1ebft n\u1ed1i v\u1edbi ch\u00fang t\u00f4i Li\u00ean h\u1ec7 v\u1edbi ch\u00fang t\u00f4i \u0111\u1ec3 \u0111\u0103ng k\u00fd tham quan nh\u00e0 m\u1eabu ho\u1eb7c \u0111\u1ec3 \u0111\u01b0\u1ee3c t\u01b0 v\u1ea5n th\u00eam v\u1ec1 d\u1ef1 \u00e1n:<\/p>","protected":false},"author":1,"featured_media":0,"parent":0,"menu_order":0,"comment_status":"closed","ping_status":"closed","template":"pages\/about.php","meta":[],"_links":{"self":[{"href":"https:\/\/dananglandmarktower.com\/en\/wp-json\/wp\/v2\/pages\/527"}],"collection":[{"href":"https:\/\/dananglandmarktower.com\/en\/wp-json\/wp\/v2\/pages"}],"about":[{"href":"https:\/\/dananglandmarktower.com\/en\/wp-json\/wp\/v2\/types\/page"}],"author":[{"embeddable":true,"href":"https:\/\/dananglandmarktower.com\/en\/wp-json\/wp\/v2\/users\/1"}],"replies":[{"embeddable":true,"href":"https:\/\/dananglandmarktower.com\/en\/wp-json\/wp\/v2\/comments?post=527"}],"version-history":[{"count":13,"href":"https:\/\/dananglandmarktower.com\/en\/wp-json\/wp\/v2\/pages\/527\/revisions"}],"predecessor-version":[{"id":1493,"href":"https:\/\/dananglandmarktower.com\/en\/wp-json\/wp\/v2\/pages\/527\/revisions\/1493"}],"wp:attachment":[{"href":"https:\/\/dananglandmarktower.com\/en\/wp-json\/wp\/v2\/media?parent=527"}],"curies":[{"name":"wp","href":"https:\/\/api.w.org\/{rel}","templated":true}]}}